{"id":128,"date":"2024-06-28T17:33:12","date_gmt":"2024-06-28T15:33:12","guid":{"rendered":"https:\/\/lesclesdelarosiere.fr\/?page_id=128"},"modified":"2024-07-02T17:43:25","modified_gmt":"2024-07-02T15:43:25","slug":"services-proprietaires","status":"publish","type":"page","link":"https:\/\/lesclesdelarosiere.fr\/index.php\/services-proprietaires\/","title":{"rendered":"Services propri\u00e9taires"},"content":{"rendered":"\n<div class=\"wp-block-buttons is-content-justification-center is-layout-flex wp-container-core-buttons-is-layout-23a043ba wp-block-buttons-is-layout-flex\">\n<div class=\"wp-block-button is-style-fill\"><a class=\"wp-block-button__link has-text-color has-background has-link-color wp-element-button\" href=\"#Remise-de-cle\" style=\"color:#dfb100;background-color:#2d1619\">Remise des cl\u00e9s \/ Gardiennage<\/a><\/div>\n\n\n\n<div class=\"wp-block-button is-style-fill\"><a class=\"wp-block-button__link has-text-color has-background has-link-color wp-element-button\" href=\"#EDL\" style=\"color:#dfb100;background-color:#2d1619\"><mark style=\"background-color:rgba(0, 0, 0, 0);color:#dfb100\" class=\"has-inline-color\">\u00c9tat des lieux \/ D\u00e9p\u00f4t de garantie<\/mark><\/a><\/div>\n\n\n\n<div class=\"wp-block-button is-style-fill\"><a class=\"wp-block-button__link has-text-color has-background has-link-color wp-element-button\" href=\"#Menage\" style=\"color:#dfb100;background-color:#2d1619\">M\u00e9nage<\/a><\/div>\n\n\n\n<div class=\"wp-block-button is-style-fill\"><a class=\"wp-block-button__link has-text-color has-background has-link-color wp-element-button\" style=\"color:#dfb100;background-color:#2d1619\">Location<\/a><\/div>\n\n\n\n<div class=\"wp-block-button is-style-fill\"><a class=\"wp-block-button__link has-text-color has-background has-link-color wp-element-button\" style=\"color:#dfb100;background-color:#2d1619\">Blanchisserie<\/a><\/div>\n<\/div>\n\n\n\n<div style=\"height:100px\" aria-hidden=\"true\" class=\"wp-block-spacer\"><\/div>\n\n\n\n<blockquote class=\"wp-block-quote is-layout-flow wp-block-quote-is-layout-flow\">\n<div class=\"wp-block-media-text has-media-on-the-right is-stacked-on-mobile has-text-color has-background has-link-color wp-elements-525539692190b867427840c075416b3f\" style=\"color:#2d1619;background-color:#ffeacc\"><div class=\"wp-block-media-text__content\">\n<p class=\"has-small-font-size\">Vous souhaitez louer votre logement ? Nous sommes l\u00e0 pour vous accompagner \u00e0 chaque \u00e9tape. Chez Les Cl\u00e9s de la Rosi\u00e8re, nous prenons soin de vos locataires avec des services sur mesure et veillons sur votre bien tout au long de l&rsquo;ann\u00e9e.<\/p>\n\n\n\n<p class=\"has-small-font-size\">Vos locataires sont nos invit\u00e9s et nous mettons tout en \u0153uvre pour r\u00e9pondre \u00e0 leurs besoins et simplifier leurs vacances. Qu&rsquo;il s&rsquo;agisse de g\u00e9rer les livraisons, de r\u00e9nover votre bien, ou d&rsquo;effectuer des visites r\u00e9guli\u00e8res durant l&rsquo;intersaison, nous sommes \u00e0 votre service !<\/p>\n\n\n\n<p class=\"has-small-font-size\">Venez discuter de vos besoins autour d&rsquo;un th\u00e9 ou d&rsquo;un caf\u00e9 dans notre espace chaleureux et accueillant. Nous vous attendons avec impatience pour faire de votre exp\u00e9rience de location un v\u00e9ritable succ\u00e8s !<\/p>\n<\/div><figure class=\"wp-block-media-text__media\"><img loading=\"lazy\" decoding=\"async\" width=\"1024\" height=\"1024\" src=\"https:\/\/lesclesdelarosiere.fr\/wp-content\/uploads\/2024\/06\/cb57dbd5-39d9-4080-bde4-81eb3e9ca3e6-1.png\" alt=\"\" class=\"wp-image-199 size-full\" srcset=\"https:\/\/lesclesdelarosiere.fr\/wp-content\/uploads\/2024\/06\/cb57dbd5-39d9-4080-bde4-81eb3e9ca3e6-1.png 1024w, https:\/\/lesclesdelarosiere.fr\/wp-content\/uploads\/2024\/06\/cb57dbd5-39d9-4080-bde4-81eb3e9ca3e6-1-300x300.png 300w, https:\/\/lesclesdelarosiere.fr\/wp-content\/uploads\/2024\/06\/cb57dbd5-39d9-4080-bde4-81eb3e9ca3e6-1-150x150.png 150w\" sizes=\"auto, (max-width: 1024px) 100vw, 1024px\" \/><\/figure><\/div>\n<\/blockquote>\n\n\n\n<div style=\"height:100px\" aria-hidden=\"true\" id=\"Remise-de-cle\" class=\"wp-block-spacer\"><\/div>\n\n\n\n<hr class=\"wp-block-separator has-alpha-channel-opacity\"\/>\n\n\n\n<h2 class=\"wp-block-heading\">Remise de cl\u00e9s<\/h2>\n\n\n\n<p>Prise de contact, organisation du s\u00e9jour et accueil de vos locataires aux Cl\u00e9s de la Rosi\u00e8re, remise des cl\u00e9s en main propre. Saison hiver et \u00e9t\u00e9. Possibilit\u00e9 de passer d&rsquo;un forfait \u00e0 un autre en cours de saison.<\/p>\n\n\n\n<p>Le gardiennage vous assure la visite r\u00e9guli\u00e8re de votre appartement en saison et hors saison afin de pr\u00e9venir un quelconque probl\u00e8me, d\u00e9g\u00e2t des eaux, cambriolage\u2026.<\/p>\n\n\n\n<p><a href=\"http:\/\/www.conciergerie-services-savoie.fr\/tarifs-la-rosiere-82.html#remisedescles\"><\/a><\/p>\n\n\n\n<div style=\"height:100px\" aria-hidden=\"true\" id=\"EDL\" class=\"wp-block-spacer\"><\/div>\n\n\n\n<hr class=\"wp-block-separator has-alpha-channel-opacity\"\/>\n\n\n\n<h2 class=\"wp-block-heading\">\u00c9tat des lieux \/ D\u00e9p\u00f4t de garantie<\/h2>\n\n\n\n<p>A la fin de chaque p\u00e9riode de location, un \u00e9tat des lieux de sortie est effectu\u00e9 afin que la caution prise \u00e0 l&rsquo;arriv\u00e9e puisse \u00eatre rendue aux locataires en fonction de l\u2019\u00e9tat de l\u2019appartement. Pr\u00e9paration et mise en place pour l&rsquo;arriv\u00e9e des locataires suivants.<\/p>\n\n\n\n<p>Prise de caution aupr\u00e8s des locataires \u00e0 l&rsquo;arriv\u00e9e et restitution apr\u00e8s l\u2019\u00e9tat des lieux de sortie si il n&rsquo;y a pas de probl\u00e8me. &nbsp;Elle peut \u00e9galement vous \u00eatre envoy\u00e9e si cela s&rsquo;av\u00e8re utile. Il convient juste que vous en fixiez le montant \u00e0 la signature de notre contrat. Elle est offerte pour toute souscription \u00e0 un forfait de plus de 3 remises de cl\u00e9s.<\/p>\n\n\n\n<p><\/p>\n\n\n\n<div style=\"height:100px\" aria-hidden=\"true\" id=\"Petite-intervention\" class=\"wp-block-spacer\"><\/div>\n\n\n\n<hr class=\"wp-block-separator has-alpha-channel-opacity\"\/>\n\n\n\n<h2 class=\"wp-block-heading\">Petite Intervention<\/h2>\n\n\n\n<p>Nous vous proposons d&rsquo;\u00eatre l\u00e0 pour r\u00e9ceptionner vos commandes : meubles, \u00e9lectro-m\u00e9nager\u2026 ou vous avez besoin que nous passions vous d\u00e9panner durant votre s\u00e9jour ou celui d&rsquo;un de vos locataires, nous sommes pr\u00e9sents au moment souhait\u00e9. Cette prestation est factur\u00e9e \u00e0 la demie-heure au locataire ou au propri\u00e9taire en fonction du probl\u00e8me<\/p>\n\n\n\n<div style=\"height:100px\" aria-hidden=\"true\" id=\"Menage\" class=\"wp-block-spacer\"><\/div>\n\n\n\n<hr class=\"wp-block-separator has-alpha-channel-opacity\"\/>\n\n\n\n<h2 class=\"wp-block-heading\">M\u00e9nage<\/h2>\n\n\n\n<p>Tarif en fonction de la taille de l&rsquo;appartement, calcul\u00e9 au m2. Il peut \u00eatre \u00e0 la charge du propri\u00e9taire ou du locataire. Une caution est syst\u00e9matiquement demand\u00e9e \u00e0 l arriv\u00e9e qu&rsquo;ils prennent la prestation ou non. Le r\u00e9frig\u00e9rateur, les poubelles ainsi que le lave vaisselle doivent \u00eatre vid\u00e9s \u00e0 leur d\u00e9part et l&rsquo;appartement laiss\u00e9 propre sans quoi un suppl\u00e9ment de 30 \u20ac sera retenu sur la caution.<\/p>\n\n\n\n<p>CE SERVICE EST EXCLUSIVEMENT RESERVE AUX PROPRIETAIRES AVEC LESQUELS NOUS AVONS UN CONTRAT GLOBAL ANNUEL DE CONCIERGERIE ET LEURS LOCATAIRES<\/p>\n","protected":false},"excerpt":{"rendered":"<p>Remise de cl\u00e9s Prise de contact, organisation du s\u00e9jour et accueil de vos locataires aux Cl\u00e9s de la Rosi\u00e8re, remise des cl\u00e9s en main propre. Saison hiver et \u00e9t\u00e9. Possibilit\u00e9 de passer d&rsquo;un forfait \u00e0 un autre en cours de saison. Le gardiennage vous assure la visite r\u00e9guli\u00e8re de votre appartement en saison et hors &hellip; <\/p>\n<p class=\"link-more\"><a href=\"https:\/\/lesclesdelarosiere.fr\/index.php\/services-proprietaires\/\" class=\"more-link\">Lire la suite de<span class=\"screen-reader-text\">\u00ab\u00a0Services propri\u00e9taires\u00a0\u00bb<\/span><\/a><\/p>\n","protected":false},"author":1,"featured_media":0,"parent":0,"menu_order":0,"comment_status":"closed","ping_status":"closed","template":"","meta":{"footnotes":""},"class_list":["post-128","page","type-page","status-publish","hentry"],"_links":{"self":[{"href":"https:\/\/lesclesdelarosiere.fr\/index.php\/wp-json\/wp\/v2\/pages\/128","targetHints":{"allow":["GET"]}}],"collection":[{"href":"https:\/\/lesclesdelarosiere.fr\/index.php\/wp-json\/wp\/v2\/pages"}],"about":[{"href":"https:\/\/lesclesdelarosiere.fr\/index.php\/wp-json\/wp\/v2\/types\/page"}],"author":[{"embeddable":true,"href":"https:\/\/lesclesdelarosiere.fr\/index.php\/wp-json\/wp\/v2\/users\/1"}],"replies":[{"embeddable":true,"href":"https:\/\/lesclesdelarosiere.fr\/index.php\/wp-json\/wp\/v2\/comments?post=128"}],"version-history":[{"count":27,"href":"https:\/\/lesclesdelarosiere.fr\/index.php\/wp-json\/wp\/v2\/pages\/128\/revisions"}],"predecessor-version":[{"id":238,"href":"https:\/\/lesclesdelarosiere.fr\/index.php\/wp-json\/wp\/v2\/pages\/128\/revisions\/238"}],"wp:attachment":[{"href":"https:\/\/lesclesdelarosiere.fr\/index.php\/wp-json\/wp\/v2\/media?parent=128"}],"curies":[{"name":"wp","href":"https:\/\/api.w.org\/{rel}","templated":true}]}}